{"id":5304,"date":"2025-06-12T10:49:24","date_gmt":"2025-06-12T08:49:24","guid":{"rendered":"https:\/\/happymuseau.mc\/?post_type=product&#038;p=5304"},"modified":"2025-06-12T10:50:55","modified_gmt":"2025-06-12T08:50:55","slug":"boite-dessai-petit","status":"publish","type":"product","link":"https:\/\/happymuseau.mc\/fr\/prodotto\/boite-dessai-petit\/","title":{"rendered":"Bo\u00eete d&rsquo;essai &#8211; Petit"},"content":{"rendered":"<p>D\u00e9couvrez notre petite bo\u00eete d&rsquo;essai, id\u00e9ale pour faire go\u00fbter \u00e0 votre chien notre nourriture de haute qualit\u00e9 ! \u00c0 l&rsquo;int\u00e9rieur, vous trouverez 4 sachets pratiques de 100 g, avec deux saveurs au choix : dinde, b\u0153uf, poulet et cabillaud (2 sachets par saveur). Une s\u00e9lection con\u00e7ue pour satisfaire les palais les plus exigeants, avec des ingr\u00e9dients naturels et sans conservateurs. Id\u00e9al pour d\u00e9couvrir quelle saveur votre compagnon \u00e0 quatre pattes pr\u00e9f\u00e8re !<\/p>\n","protected":false},"excerpt":{"rendered":"<p>D\u00e9couvrez notre petite bo\u00eete d&rsquo;essai, id\u00e9ale pour faire go\u00fbter \u00e0 votre chien notre nourriture de haute qualit\u00e9 ! \u00c0 l&rsquo;int\u00e9rieur, vous trouverez 4 sachets pratiques de 100 g, avec deux saveurs au choix : dinde, b\u0153uf, poulet et cabillaud (2 sachets par saveur). Une s\u00e9lection con\u00e7ue pour satisfaire les palais les plus exigeants, avec des ingr\u00e9dients naturels et sans conservateurs. Id\u00e9al pour d\u00e9couvrir quelle saveur votre compagnon \u00e0 quatre pattes pr\u00e9f\u00e8re !<\/p>\n","protected":false},"featured_media":5324,"template":"","meta":{"_acf_changed":false},"product_cat":[161],"product_tag":[],"class_list":{"0":"post-5304","1":"product","2":"type-product","3":"status-publish","4":"has-post-thumbnail","6":"product_cat-boite-dessai-fr","8":"first","9":"instock","10":"shipping-taxable","11":"purchasable","12":"product-type-variable"},"acf":[],"_links":{"self":[{"href":"https:\/\/happymuseau.mc\/fr\/wp-json\/wp\/v2\/product\/5304","targetHints":{"allow":["GET"]}}],"collection":[{"href":"https:\/\/happymuseau.mc\/fr\/wp-json\/wp\/v2\/product"}],"about":[{"href":"https:\/\/happymuseau.mc\/fr\/wp-json\/wp\/v2\/types\/product"}],"wp:featuredmedia":[{"embeddable":true,"href":"https:\/\/happymuseau.mc\/fr\/wp-json\/wp\/v2\/media\/5324"}],"wp:attachment":[{"href":"https:\/\/happymuseau.mc\/fr\/wp-json\/wp\/v2\/media?parent=5304"}],"wp:term":[{"taxonomy":"product_cat","embeddable":true,"href":"https:\/\/happymuseau.mc\/fr\/wp-json\/wp\/v2\/product_cat?post=5304"},{"taxonomy":"product_tag","embeddable":true,"href":"https:\/\/happymuseau.mc\/fr\/wp-json\/wp\/v2\/product_tag?post=5304"}],"curies":[{"name":"wp","href":"https:\/\/api.w.org\/{rel}","templated":true}]}}