{"id":5290,"date":"2025-06-12T10:44:34","date_gmt":"2025-06-12T08:44:34","guid":{"rendered":"https:\/\/happymuseau.mc\/?post_type=product&#038;p=5290"},"modified":"2025-06-12T10:46:31","modified_gmt":"2025-06-12T08:46:31","slug":"boite-de-test-grande","status":"publish","type":"product","link":"https:\/\/happymuseau.mc\/fr\/prodotto\/boite-de-test-grande\/","title":{"rendered":"Bo\u00eete de test &#8211; Grande"},"content":{"rendered":"<p>La grande bo\u00eete d&rsquo;essai est con\u00e7ue pour les chiens de moyenne et grande taille, ou pour ceux qui souhaitent leur offrir des portions plus g\u00e9n\u00e9reuses. Elle contient 4 sachets de 150 g chacun, r\u00e9partis en 2 saveurs au choix\u00a0: dinde, b\u0153uf, poulet et cabillaud (2 sachets par saveur). Des ingr\u00e9dients s\u00e9lectionn\u00e9s, sans colorants ni conservateurs, pour un repas sain et savoureux. Une fa\u00e7on pratique et pratique de tester les pr\u00e9f\u00e9rences de votre chien avec des portions g\u00e9n\u00e9reuses.<\/p>\n","protected":false},"excerpt":{"rendered":"<p>La grande bo\u00eete d&rsquo;essai est con\u00e7ue pour les chiens de moyenne et grande taille, ou pour ceux qui souhaitent leur offrir des portions plus g\u00e9n\u00e9reuses. Elle contient 4 sachets de 150 g chacun, r\u00e9partis en 2 saveurs au choix\u00a0: dinde, b\u0153uf, poulet et cabillaud (2 sachets par saveur). Des ingr\u00e9dients s\u00e9lectionn\u00e9s, sans colorants ni conservateurs, pour un repas sain et savoureux. Une fa\u00e7on pratique et pratique de tester les pr\u00e9f\u00e9rences de votre chien avec des portions g\u00e9n\u00e9reuses.<\/p>\n","protected":false},"featured_media":5324,"template":"","meta":{"_acf_changed":false},"product_cat":[161],"product_tag":[],"class_list":{"0":"post-5290","1":"product","2":"type-product","3":"status-publish","4":"has-post-thumbnail","6":"product_cat-boite-dessai-fr","8":"first","9":"instock","10":"shipping-taxable","11":"purchasable","12":"product-type-variable"},"acf":[],"_links":{"self":[{"href":"https:\/\/happymuseau.mc\/fr\/wp-json\/wp\/v2\/product\/5290","targetHints":{"allow":["GET"]}}],"collection":[{"href":"https:\/\/happymuseau.mc\/fr\/wp-json\/wp\/v2\/product"}],"about":[{"href":"https:\/\/happymuseau.mc\/fr\/wp-json\/wp\/v2\/types\/product"}],"wp:featuredmedia":[{"embeddable":true,"href":"https:\/\/happymuseau.mc\/fr\/wp-json\/wp\/v2\/media\/5324"}],"wp:attachment":[{"href":"https:\/\/happymuseau.mc\/fr\/wp-json\/wp\/v2\/media?parent=5290"}],"wp:term":[{"taxonomy":"product_cat","embeddable":true,"href":"https:\/\/happymuseau.mc\/fr\/wp-json\/wp\/v2\/product_cat?post=5290"},{"taxonomy":"product_tag","embeddable":true,"href":"https:\/\/happymuseau.mc\/fr\/wp-json\/wp\/v2\/product_tag?post=5290"}],"curies":[{"name":"wp","href":"https:\/\/api.w.org\/{rel}","templated":true}]}}