{"id":1661,"date":"2023-10-23T17:19:20","date_gmt":"2023-10-23T15:19:20","guid":{"rendered":"https:\/\/happymuseau.mc\/domande-frequenti\/"},"modified":"2025-05-23T14:19:03","modified_gmt":"2025-05-23T12:19:03","slug":"domande-frequenti","status":"publish","type":"page","link":"https:\/\/happymuseau.mc\/fr\/domande-frequenti\/","title":{"rendered":"Questions fr\u00e9quemment pos\u00e9es"},"content":{"rendered":"\t\t<div data-elementor-type=\"wp-page\" data-elementor-id=\"1661\" class=\"elementor elementor-1661 elementor-537\" data-elementor-post-type=\"page\">\n\t\t\t\t<div class=\"elementor-element elementor-element-eee592e e-con-full e-flex wpr-particle-no wpr-jarallax-no wpr-parallax-no wpr-sticky-section-no e-con e-parent\" data-id=\"eee592e\" data-element_type=\"container\" data-settings=\"{&quot;background_background&quot;:&quot;classic&quot;,&quot;shape_divider_bottom&quot;:&quot;wave-brush&quot;}\">\n\t\t\t\t<div class=\"elementor-shape elementor-shape-bottom\" data-negative=\"false\">\n\t\t\t<svg xmlns=\"http:\/\/www.w3.org\/2000\/svg\" viewBox=\"0 0 283.5 27.8\" preserveAspectRatio=\"none\">\n\t<path class=\"elementor-shape-fill\" d=\"M283.5,9.7c0,0-7.3,4.3-14,4.6c-6.8,0.3-12.6,0-20.9-1.5c-11.3-2-33.1-10.1-44.7-5.7\ts-12.1,4.6-18,7.4c-6.6,3.2-20,9.6-36.6,9.3C131.6,23.5,99.5,7.2,86.3,8c-1.4,0.1-6.6,0.8-10.5,2c-3.8,1.2-9.4,3.8-17,4.7\tc-3.2,0.4-8.3,1.1-14.2,0.9c-1.5-0.1-6.3-0.4-12-1.6c-5.7-1.2-11-3.1-15.8-3.7C6.5,9.2,0,10.8,0,10.8V0h283.5V9.7z M260.8,11.3\tc-0.7-1-2-0.4-4.3-0.4c-2.3,0-6.1-1.2-5.8-1.1c0.3,0.1,3.1,1.5,6,1.9C259.7,12.2,261.4,12.3,260.8,11.3z M242.4,8.6\tc0,0-2.4-0.2-5.6-0.9c-3.2-0.8-10.3-2.8-15.1-3.5c-8.2-1.1-15.8,0-15.1,0.1c0.8,0.1,9.6-0.6,17.6,1.1c3.3,0.7,9.3,2.2,12.4,2.7\tC239.9,8.7,242.4,8.6,242.4,8.6z M185.2,8.5c1.7-0.7-13.3,4.7-18.5,6.1c-2.1,0.6-6.2,1.6-10,2c-3.9,0.4-8.9,0.4-8.8,0.5\tc0,0.2,5.8,0.8,11.2,0c5.4-0.8,5.2-1.1,7.6-1.6C170.5,14.7,183.5,9.2,185.2,8.5z M199.1,6.9c0.2,0-0.8-0.4-4.8,1.1\tc-4,1.5-6.7,3.5-6.9,3.7c-0.2,0.1,3.5-1.8,6.6-3C197,7.5,199,6.9,199.1,6.9z M283,6c-0.1,0.1-1.9,1.1-4.8,2.5s-6.9,2.8-6.7,2.7\tc0.2,0,3.5-0.6,7.4-2.5C282.8,6.8,283.1,5.9,283,6z M31.3,11.6c0.1-0.2-1.9-0.2-4.5-1.2s-5.4-1.6-7.8-2C15,7.6,7.3,8.5,7.7,8.6\tC8,8.7,15.9,8.3,20.2,9.3c2.2,0.5,2.4,0.5,5.7,1.6S31.2,11.9,31.3,11.6z M73,9.2c0.4-0.1,3.5-1.6,8.4-2.6c4.9-1.1,8.9-0.5,8.9-0.8\tc0-0.3-1-0.9-6.2-0.3S72.6,9.3,73,9.2z M71.6,6.7C71.8,6.8,75,5.4,77.3,5c2.3-0.3,1.9-0.5,1.9-0.6c0-0.1-1.1-0.2-2.7,0.2\tC74.8,5.1,71.4,6.6,71.6,6.7z M93.6,4.4c0.1,0.2,3.5,0.8,5.6,1.8c2.1,1,1.8,0.6,1.9,0.5c0.1-0.1-0.8-0.8-2.4-1.3\tC97.1,4.8,93.5,4.2,93.6,4.4z M65.4,11.1c-0.1,0.3,0.3,0.5,1.9-0.2s2.6-1.3,2.2-1.2s-0.9,0.4-2.5,0.8C65.3,10.9,65.5,10.8,65.4,11.1\tz M34.5,12.4c-0.2,0,2.1,0.8,3.3,0.9c1.2,0.1,2,0.1,2-0.2c0-0.3-0.1-0.5-1.6-0.4C36.6,12.8,34.7,12.4,34.5,12.4z M152.2,21.1\tc-0.1,0.1-2.4-0.3-7.5-0.3c-5,0-13.6-2.4-17.2-3.5c-3.6-1.1,10,3.9,16.5,4.1C150.5,21.6,152.3,21,152.2,21.1z\"\/>\n\t<path class=\"elementor-shape-fill\" d=\"M269.6,18c-0.1-0.1-4.6,0.3-7.2,0c-7.3-0.7-17-3.2-16.6-2.9c0.4,0.3,13.7,3.1,17,3.3\tC267.7,18.8,269.7,18,269.6,18z\"\/>\n\t<path class=\"elementor-shape-fill\" d=\"M227.4,9.8c-0.2-0.1-4.5-1-9.5-1.2c-5-0.2-12.7,0.6-12.3,0.5c0.3-0.1,5.9-1.8,13.3-1.2\tS227.6,9.9,227.4,9.8z\"\/>\n\t<path class=\"elementor-shape-fill\" d=\"M204.5,13.4c-0.1-0.1,2-1,3.2-1.1c1.2-0.1,2,0,2,0.3c0,0.3-0.1,0.5-1.6,0.4\tC206.4,12.9,204.6,13.5,204.5,13.4z\"\/>\n\t<path class=\"elementor-shape-fill\" d=\"M201,10.6c0-0.1-4.4,1.2-6.3,2.2c-1.9,0.9-6.2,3.1-6.1,3.1c0.1,0.1,4.2-1.6,6.3-2.6\tS201,10.7,201,10.6z\"\/>\n\t<path class=\"elementor-shape-fill\" d=\"M154.5,26.7c-0.1-0.1-4.6,0.3-7.2,0c-7.3-0.7-17-3.2-16.6-2.9c0.4,0.3,13.7,3.1,17,3.3\tC152.6,27.5,154.6,26.8,154.5,26.7z\"\/>\n\t<path class=\"elementor-shape-fill\" d=\"M41.9,19.3c0,0,1.2-0.3,2.9-0.1c1.7,0.2,5.8,0.9,8.2,0.7c4.2-0.4,7.4-2.7,7-2.6\tc-0.4,0-4.3,2.2-8.6,1.9c-1.8-0.1-5.1-0.5-6.7-0.4S41.9,19.3,41.9,19.3z\"\/>\n\t<path class=\"elementor-shape-fill\" d=\"M75.5,12.6c0.2,0.1,2-0.8,4.3-1.1c2.3-0.2,2.1-0.3,2.1-0.5c0-0.1-1.8-0.4-3.4,0\tC76.9,11.5,75.3,12.5,75.5,12.6z\"\/>\n\t<path class=\"elementor-shape-fill\" d=\"M15.6,13.2c0-0.1,4.3,0,6.7,0.5c2.4,0.5,5,1.9,5,2c0,0.1-2.7-0.8-5.1-1.4\tC19.9,13.7,15.7,13.3,15.6,13.2z\"\/>\n<\/svg>\t\t<\/div>\n\t\t<div class=\"elementor-element elementor-element-417c3b0 e-con-full e-flex wpr-particle-no wpr-jarallax-no wpr-parallax-no wpr-sticky-section-no e-con e-child\" data-id=\"417c3b0\" data-element_type=\"container\" data-settings=\"{&quot;background_background&quot;:&quot;classic&quot;}\">\n\t\t\t\t<div class=\"elementor-element elementor-element-9e410e6 elementor-widget elementor-widget-heading\" data-id=\"9e410e6\" data-element_type=\"widget\" data-widget_type=\"heading.default\">\n\t\t\t\t<div class=\"elementor-widget-container\">\n\t\t\t\t\t<h1 class=\"elementor-heading-title elementor-size-default\">Questions fr\u00e9quemment pos\u00e9es<\/h1>\t\t\t\t<\/div>\n\t\t\t\t<\/div>\n\t\t\t\t<div class=\"elementor-element elementor-element-3bfb53c elementor-widget__width-initial elementor-widget elementor-widget-heading\" data-id=\"3bfb53c\" data-element_type=\"widget\" data-widget_type=\"heading.default\">\n\t\t\t\t<div class=\"elementor-widget-container\">\n\t\t\t\t\t<p class=\"elementor-heading-title elementor-size-default\">Nous sommes \u00e0 votre disposition pour toute clarification suppl\u00e9mentaire.<\/p>\t\t\t\t<\/div>\n\t\t\t\t<\/div>\n\t\t\t\t<\/div>\n\t\t\t\t<\/div>\n\t\t<div class=\"elementor-element elementor-element-dd2695e e-flex e-con-boxed wpr-particle-no wpr-jarallax-no wpr-parallax-no wpr-sticky-section-no e-con e-parent\" data-id=\"dd2695e\" data-element_type=\"container\">\n\t\t\t\t\t<div class=\"e-con-inner\">\n\t\t<div class=\"elementor-element elementor-element-c565274 e-con-full e-flex wpr-particle-no wpr-jarallax-no wpr-parallax-no wpr-sticky-section-no e-con e-child\" data-id=\"c565274\" data-element_type=\"container\">\n\t\t\t\t<div class=\"elementor-element elementor-element-e9cfdc8 faq elementor-widget elementor-widget-accordion\" data-id=\"e9cfdc8\" data-element_type=\"widget\" data-widget_type=\"accordion.default\">\n\t\t\t\t<div class=\"elementor-widget-container\">\n\t\t\t\t\t\t\t<div class=\"elementor-accordion\">\n\t\t\t\t\t\t\t<div class=\"elementor-accordion-item\">\n\t\t\t\t\t<div id=\"elementor-tab-title-2451\" class=\"elementor-tab-title\" data-tab=\"1\" role=\"button\" aria-controls=\"elementor-tab-content-2451\" aria-expanded=\"false\">\n\t\t\t\t\t\t\t\t\t\t\t\t<a class=\"elementor-accordion-title\" tabindex=\"0\">Vous voulez \u00eatre s\u00fbr d'offrir \u00e0 votre chien un repas sain, \u00e9quilibr\u00e9 et vraiment sur mesure ?<\/a>\n\t\t\t\t\t<\/div>\n\t\t\t\t\t<div id=\"elementor-tab-content-2451\" class=\"elementor-tab-content elementor-clearfix\" data-tab=\"1\" role=\"region\" aria-labelledby=\"elementor-tab-title-2451\"><div dir=\"ltr\"><div><div>Avec Happy Museau, c&rsquo;est simple, rapide et totalement personnalis\u00e9 :<\/div><\/div><\/div><div dir=\"ltr\"><div><div>\u00a0<\/div><div>1 Prenez quelques minutes : nous vous demandons quelques informations essentielles sur l&rsquo;\u00e2ge, le poids, la race, l&rsquo;activit\u00e9 physique et les besoins sp\u00e9cifiques de votre chien. Cela ne vous prendra que tr\u00e8s peu de temps, mais cela nous permettra de cr\u00e9er une recette vraiment \u00e9quilibr\u00e9e et adapt\u00e9e au profil nutritionnel de votre chien.<\/div><div>\u00a0<\/div><div>2 Apr\u00e8s votre commande, nous pr\u00e9parons la recette sur mesure : notre algorithme \u00e9labore un r\u00e9gime maison parfaitement \u00e9quilibr\u00e9 et ce n&rsquo;est qu&rsquo;apr\u00e8s avoir re\u00e7u vos donn\u00e9es que nous pr\u00e9parons le repas exclusivement pour votre chien, en utilisant des ingr\u00e9dients frais et naturels, sans aucune production de masse. C&rsquo;est pourquoi nous prenons 7 jours pour traiter la commande, la produire et l&rsquo;exp\u00e9dier \u00e0 votre domicile. En cas de renouvellement automatique, toute annulation doit nous parvenir 1 semaine \u00e0 l&rsquo;avance.<\/div><div>\u00a0<\/div><div>3 Choisissez la dur\u00e9e d&rsquo;approvisionnement : vous pouvez d\u00e9cider de recevoir des aliments pour b\u00e9b\u00e9s pendant 1, 2, 3 ou 4 semaines, en fonction de vos besoins et de vos habitudes. La livraison sera organis\u00e9e en fonction de vos besoins et de l&rsquo;option d&rsquo;approvisionnement choisie.<\/div><div>\u00a0<\/div><div>4 Livraison \u00e0 domicile : recevez votre bo\u00eete Happy Museau directement chez vous, avec des portions d\u00e9j\u00e0 divis\u00e9es et emball\u00e9es sous vide pour garantir commodit\u00e9 et fra\u00eecheur.<\/div><div>\u00a0<\/div><\/div><\/div><div dir=\"ltr\"><div><div>5 Ouvrir, servir, aimer : il suffit d&rsquo;ouvrir la bo\u00eete, de verser la portion dans la gamelle et de voir votre chien heureux et rassasi\u00e9, avec un repas aussi bon que celui pr\u00e9par\u00e9 \u00e0 la maison, mais \u00e9quilibr\u00e9 selon ses besoins.<\/div><\/div><\/div><\/div>\n\t\t\t\t<\/div>\n\t\t\t\t\t\t\t<div class=\"elementor-accordion-item\">\n\t\t\t\t\t<div id=\"elementor-tab-title-2452\" class=\"elementor-tab-title\" data-tab=\"2\" role=\"button\" aria-controls=\"elementor-tab-content-2452\" aria-expanded=\"false\">\n\t\t\t\t\t\t\t\t\t\t\t\t<a class=\"elementor-accordion-title\" tabindex=\"0\">O\u00f9 sont pr\u00e9par\u00e9s les aliments ?<\/a>\n\t\t\t\t\t<\/div>\n\t\t\t\t\t<div id=\"elementor-tab-content-2452\" class=\"elementor-tab-content elementor-clearfix\" data-tab=\"2\" role=\"region\" aria-labelledby=\"elementor-tab-title-2452\"><p>Les aliments Happy Museau sont pr\u00e9par\u00e9s en Italie, dans un laboratoire gastronomique sp\u00e9cialis\u00e9 dans l&rsquo;alimentation des animaux de compagnie, agr\u00e9\u00e9 et conforme aux normes en vigueur.<\/p><p>Ici, chaque recette est cuisin\u00e9e \u00e0 basse temp\u00e9rature de mani\u00e8re artisanale et soign\u00e9e, comme \u00e0 la maison, mais avec toutes les garanties d&rsquo;une production professionnelle et contr\u00f4l\u00e9e.<\/p><p>Notre atelier est situ\u00e9 dans le Pi\u00e9mont, une r\u00e9gion italienne connue pour son excellence culinaire et le soin apport\u00e9 \u00e0 la transformation des mati\u00e8res premi\u00e8res. C&rsquo;est une r\u00e9gion o\u00f9 le respect de la qualit\u00e9 et de la tradition gastronomique se transmet de g\u00e9n\u00e9ration en g\u00e9n\u00e9ration &#8211; et c&rsquo;est exactement ce que vous trouverez dans chaque paquet Happy Museau.<\/p><p>Nous n&rsquo;utilisons que des ingr\u00e9dients italiens, soigneusement s\u00e9lectionn\u00e9s aupr\u00e8s de fournisseurs locaux de confiance : de la viande fra\u00eeche, des l\u00e9gumes de saison et des mati\u00e8res premi\u00e8res de la plus haute qualit\u00e9.<\/p><p>Le r\u00e9sultat est un repas sain, s\u00fbr et complet, pr\u00e9par\u00e9 sp\u00e9cialement pour votre chien, avec l&rsquo;expertise de ceux qui connaissent intimement la nutrition animale et avec l&rsquo;amour de ceux qui croient que nos amis \u00e0 quatre pattes m\u00e9ritent eux aussi ce qu&rsquo;il y a de mieux.<\/p><\/div>\n\t\t\t\t<\/div>\n\t\t\t\t\t\t\t<div class=\"elementor-accordion-item\">\n\t\t\t\t\t<div id=\"elementor-tab-title-2453\" class=\"elementor-tab-title\" data-tab=\"3\" role=\"button\" aria-controls=\"elementor-tab-content-2453\" aria-expanded=\"false\">\n\t\t\t\t\t\t\t\t\t\t\t\t<a class=\"elementor-accordion-title\" tabindex=\"0\">Comment les aliments arrivent-ils et comment sont-ils conserv\u00e9s ?<\/a>\n\t\t\t\t\t<\/div>\n\t\t\t\t\t<div id=\"elementor-tab-content-2453\" class=\"elementor-tab-content elementor-clearfix\" data-tab=\"3\" role=\"region\" aria-labelledby=\"elementor-tab-title-2453\"><p>Les aliments Happy Museau arrivent directement chez vous une semaine apr\u00e8s votre commande. Si vous avez activ\u00e9 une livraison r\u00e9currente, la livraison sera programm\u00e9e en fonction du plan que vous avez choisi et de vos besoins.<\/p><p>Les aliments sont exp\u00e9di\u00e9s dans des emballages \u00e0 temp\u00e9rature contr\u00f4l\u00e9e afin de garantir une fra\u00eecheur maximale pendant le transport. Une fois re\u00e7us, il est important de les conserver imm\u00e9diatement au r\u00e9frig\u00e9rateur.<\/p><p>Les emballages sous vide ont une dur\u00e9e de conservation d&rsquo;un mois \u00e0 partir de la date de production s&rsquo;ils sont conserv\u00e9s au r\u00e9frig\u00e9rateur, mais vous pouvez \u00e9galement les congeler pour prolonger leur dur\u00e9e de conservation jusqu&rsquo;\u00e0 trois mois.<\/p><p>Apr\u00e8s ouverture, le contenu peut \u00eatre conserv\u00e9 au r\u00e9frig\u00e9rateur jusqu&rsquo;\u00e0 48 heures.<\/p><\/div>\n\t\t\t\t<\/div>\n\t\t\t\t\t\t\t<div class=\"elementor-accordion-item\">\n\t\t\t\t\t<div id=\"elementor-tab-title-2454\" class=\"elementor-tab-title\" data-tab=\"4\" role=\"button\" aria-controls=\"elementor-tab-content-2454\" aria-expanded=\"false\">\n\t\t\t\t\t\t\t\t\t\t\t\t<a class=\"elementor-accordion-title\" tabindex=\"0\">Quelle est la zone couverte par le service ?<\/a>\n\t\t\t\t\t<\/div>\n\t\t\t\t\t<div id=\"elementor-tab-content-2454\" class=\"elementor-tab-content elementor-clearfix\" data-tab=\"4\" role=\"region\" aria-labelledby=\"elementor-tab-title-2454\"><div dir=\"ltr\"><div><div>Le service Happy Museau est actuellement actif sur :<\/div><\/div><\/div><div dir=\"ltr\"><div><div>\u00a0<\/div><ul><li>Principaut\u00e9 de Monaco<\/li><li>Cap d&rsquo;Ail, Beausoleil, Roquebrune-Cap-Martin<\/li><\/ul><div>\u00a0<\/div><div>Pour l&rsquo;Italie, nous livrons \u00e0 :<\/div><div>\u00a0<\/div><ul><li>Vintimille, Bordighera, Sanremo<\/li><\/ul><div>\u00a0<\/div><\/div><\/div><div dir=\"ltr\"><div><div>Si vous \u00eates en dehors de ces zones, pas de probl\u00e8me : contactez-nous et nous organiserons une livraison personnalis\u00e9e, adapt\u00e9e \u00e0 vous et \u00e0 votre animal.<\/div><\/div><\/div><\/div>\n\t\t\t\t<\/div>\n\t\t\t\t\t\t\t<div class=\"elementor-accordion-item\">\n\t\t\t\t\t<div id=\"elementor-tab-title-2455\" class=\"elementor-tab-title\" data-tab=\"5\" role=\"button\" aria-controls=\"elementor-tab-content-2455\" aria-expanded=\"false\">\n\t\t\t\t\t\t\t\t\t\t\t\t<a class=\"elementor-accordion-title\" tabindex=\"0\">Quels sont les modes de paiement disponibles ?<\/a>\n\t\t\t\t\t<\/div>\n\t\t\t\t\t<div id=\"elementor-tab-content-2455\" class=\"elementor-tab-content elementor-clearfix\" data-tab=\"5\" role=\"region\" aria-labelledby=\"elementor-tab-title-2455\"><div dir=\"ltr\"><div>Nous acceptons actuellement les paiements par carte de cr\u00e9dit et par virement bancaire.<\/div><\/div><div dir=\"ltr\"><div>\u00a0<\/div><\/div><div dir=\"ltr\"><div>Choisissez la m\u00e9thode que vous pr\u00e9f\u00e9rez : simple, s\u00fbre et toujours tra\u00e7able.<\/div><\/div><\/div>\n\t\t\t\t<\/div>\n\t\t\t\t\t\t\t\t<\/div>\n\t\t\t\t\t\t<\/div>\n\t\t\t\t<\/div>\n\t\t\t\t<\/div>\n\t\t<div class=\"elementor-element elementor-element-f77411c e-con-full elementor-hidden-desktop elementor-hidden-laptop elementor-hidden-tablet elementor-hidden-mobile e-flex wpr-particle-no wpr-jarallax-no wpr-parallax-no wpr-sticky-section-no e-con e-child\" data-id=\"f77411c\" data-element_type=\"container\" data-settings=\"{&quot;background_background&quot;:&quot;classic&quot;}\">\n\t\t\t\t<\/div>\n\t\t\t\t\t<\/div>\n\t\t\t\t<\/div>\n\t\t\t\t<\/div>\n\t\t","protected":false},"excerpt":{"rendered":"<p>Questions fr\u00e9quemment pos\u00e9es Nous sommes \u00e0 votre disposition pour toute clarification suppl\u00e9mentaire. Vous voulez \u00eatre s\u00fbr d&rsquo;offrir \u00e0 votre chien un repas sain, \u00e9quilibr\u00e9 et vraiment sur mesure ? Avec Happy Museau, c&#8217;est simple, rapide et totalement personnalis\u00e9 :\u00a01 Prenez quelques minutes : nous vous demandons quelques informations essentielles sur l&#8217;\u00e2ge, le poids, la race, l&#8217;activit\u00e9 physique et les besoins sp\u00e9cifiques de votre chien. Cela ne vous prendra que tr\u00e8s peu de temps, mais cela nous permettra de cr\u00e9er une recette vraiment \u00e9quilibr\u00e9e et adapt\u00e9e au profil nutritionnel de votre chien.\u00a02 Apr\u00e8s votre commande, nous pr\u00e9parons la recette sur mesure : notre algorithme \u00e9labore un r\u00e9gime maison parfaitement \u00e9quilibr\u00e9 et ce n&#8217;est qu&#8217;apr\u00e8s avoir re\u00e7u vos donn\u00e9es que nous pr\u00e9parons le repas exclusivement pour votre chien, en utilisant des ingr\u00e9dients frais et naturels, sans aucune production de masse. C&#8217;est pourquoi nous prenons 7 jours pour traiter la commande, la produire et l&#8217;exp\u00e9dier \u00e0 votre domicile. En cas de renouvellement automatique, toute annulation doit nous parvenir 1 semaine \u00e0 l&#8217;avance.\u00a03 Choisissez la dur\u00e9e d&#8217;approvisionnement : vous pouvez d\u00e9cider de recevoir des aliments pour b\u00e9b\u00e9s pendant 1, 2, 3 ou 4 semaines, en fonction de vos besoins et de vos habitudes. La livraison sera organis\u00e9e en fonction de vos besoins et de l&#8217;option d&#8217;approvisionnement choisie.\u00a04 Livraison \u00e0 domicile : recevez votre bo\u00eete Happy Museau directement chez vous, avec des portions d\u00e9j\u00e0 divis\u00e9es et emball\u00e9es sous vide pour garantir commodit\u00e9 et fra\u00eecheur.\u00a05 Ouvrir, servir, aimer : il suffit d&#8217;ouvrir la bo\u00eete, de verser la portion dans la gamelle et de voir votre chien heureux et rassasi\u00e9, avec un repas aussi bon que celui pr\u00e9par\u00e9 \u00e0 la maison, mais \u00e9quilibr\u00e9 selon ses besoins. O\u00f9 sont pr\u00e9par\u00e9s les aliments ? Les aliments Happy Museau sont pr\u00e9par\u00e9s en Italie, dans un laboratoire gastronomique sp\u00e9cialis\u00e9 dans l&#8217;alimentation des animaux de compagnie, agr\u00e9\u00e9 et conforme aux normes en vigueur. Ici, chaque recette est cuisin\u00e9e \u00e0 basse temp\u00e9rature de mani\u00e8re artisanale et soign\u00e9e, comme \u00e0 la maison, mais avec toutes les garanties d&#8217;une production professionnelle et contr\u00f4l\u00e9e. Notre atelier est situ\u00e9 dans le Pi\u00e9mont, une r\u00e9gion italienne connue pour son excellence culinaire et le soin apport\u00e9 \u00e0 la transformation des mati\u00e8res premi\u00e8res. C&#8217;est une r\u00e9gion o\u00f9 le respect de la qualit\u00e9 et de la tradition gastronomique se transmet de g\u00e9n\u00e9ration en g\u00e9n\u00e9ration &#8211; et c&#8217;est exactement ce que vous trouverez dans chaque paquet Happy Museau. Nous n&#8217;utilisons que des ingr\u00e9dients italiens, soigneusement s\u00e9lectionn\u00e9s aupr\u00e8s de fournisseurs locaux de confiance : de la viande fra\u00eeche, des l\u00e9gumes de saison et des mati\u00e8res premi\u00e8res de la plus haute qualit\u00e9. Le r\u00e9sultat est un repas sain, s\u00fbr et complet, pr\u00e9par\u00e9 sp\u00e9cialement pour votre chien, avec l&#8217;expertise de ceux qui connaissent intimement la nutrition animale et avec l&#8217;amour de ceux qui croient que nos amis \u00e0 quatre pattes m\u00e9ritent eux aussi ce qu&#8217;il y a de mieux. Comment les aliments arrivent-ils et comment sont-ils conserv\u00e9s ? Les aliments Happy Museau arrivent directement chez vous une semaine apr\u00e8s votre commande. Si vous avez activ\u00e9 une livraison r\u00e9currente, la livraison sera programm\u00e9e en fonction du plan que vous avez choisi et de vos besoins. Les aliments sont exp\u00e9di\u00e9s dans des emballages \u00e0 temp\u00e9rature contr\u00f4l\u00e9e afin de garantir une fra\u00eecheur maximale pendant le transport. Une fois re\u00e7us, il est important de les conserver imm\u00e9diatement au r\u00e9frig\u00e9rateur. Les emballages sous vide ont une dur\u00e9e de conservation d&#8217;un mois \u00e0 partir de la date de production s&#8217;ils sont conserv\u00e9s au r\u00e9frig\u00e9rateur, mais vous pouvez \u00e9galement les congeler pour prolonger leur dur\u00e9e de conservation jusqu&#8217;\u00e0 trois mois. Apr\u00e8s ouverture, le contenu peut \u00eatre conserv\u00e9 au r\u00e9frig\u00e9rateur jusqu&#8217;\u00e0 48 heures. Quelle est la zone couverte par le service ? Le service Happy Museau est actuellement actif sur :\u00a0 Principaut\u00e9 de Monaco Cap d&#8217;Ail, Beausoleil, Roquebrune-Cap-Martin \u00a0Pour l&#8217;Italie, nous livrons \u00e0 :\u00a0 Vintimille, Bordighera, Sanremo \u00a0Si vous \u00eates en dehors de ces zones, pas de probl\u00e8me : contactez-nous et nous organiserons une livraison personnalis\u00e9e, adapt\u00e9e \u00e0 vous et \u00e0 votre animal. Quels sont les modes de paiement disponibles ? Nous acceptons actuellement les paiements par carte de cr\u00e9dit et par virement bancaire.\u00a0Choisissez la m\u00e9thode que vous pr\u00e9f\u00e9rez : simple, s\u00fbre et toujours tra\u00e7able.<\/p>\n","protected":false},"author":1,"featured_media":0,"parent":0,"menu_order":0,"comment_status":"closed","ping_status":"closed","template":"","meta":{"_acf_changed":false,"footnotes":""},"class_list":["post-1661","page","type-page","status-publish","hentry"],"acf":[],"_links":{"self":[{"href":"https:\/\/happymuseau.mc\/fr\/wp-json\/wp\/v2\/pages\/1661","targetHints":{"allow":["GET"]}}],"collection":[{"href":"https:\/\/happymuseau.mc\/fr\/wp-json\/wp\/v2\/pages"}],"about":[{"href":"https:\/\/happymuseau.mc\/fr\/wp-json\/wp\/v2\/types\/page"}],"author":[{"embeddable":true,"href":"https:\/\/happymuseau.mc\/fr\/wp-json\/wp\/v2\/users\/1"}],"replies":[{"embeddable":true,"href":"https:\/\/happymuseau.mc\/fr\/wp-json\/wp\/v2\/comments?post=1661"}],"version-history":[{"count":70,"href":"https:\/\/happymuseau.mc\/fr\/wp-json\/wp\/v2\/pages\/1661\/revisions"}],"predecessor-version":[{"id":4838,"href":"https:\/\/happymuseau.mc\/fr\/wp-json\/wp\/v2\/pages\/1661\/revisions\/4838"}],"wp:attachment":[{"href":"https:\/\/happymuseau.mc\/fr\/wp-json\/wp\/v2\/media?parent=1661"}],"curies":[{"name":"wp","href":"https:\/\/api.w.org\/{rel}","templated":true}]}}